{"id":74,"date":"2022-01-28T13:46:25","date_gmt":"2022-01-28T13:46:25","guid":{"rendered":"https:\/\/www.blanko.ch\/postkarten\/?page_id=74"},"modified":"2024-09-08T13:53:00","modified_gmt":"2024-09-08T13:53:00","slug":"blanko","status":"publish","type":"page","link":"https:\/\/www.blanko.ch\/postkarten\/","title":{"rendered":"blanko"},"content":{"rendered":"\t\t<div data-elementor-type=\"wp-page\" data-elementor-id=\"74\" class=\"elementor elementor-74\" data-elementor-post-type=\"page\">\n\t\t\t\t\t\t<section class=\"elementor-section elementor-top-section elementor-element elementor-element-f6ce684 elementor-section-boxed elementor-section-height-default elementor-section-height-default\" data-id=\"f6ce684\" data-element_type=\"section\" data-e-type=\"section\">\n\t\t\t\t\t\t<div class=\"elementor-container elementor-column-gap-default\">\n\t\t\t\t\t<div class=\"elementor-column elementor-col-33 elementor-top-column elementor-element elementor-element-91c39b1\" data-id=\"91c39b1\" data-element_type=\"column\" data-e-type=\"column\">\n\t\t\t<div class=\"elementor-widget-wrap elementor-element-populated\">\n\t\t\t\t\t\t<div class=\"elementor-element elementor-element-bea3edd elementor-widget elementor-widget-image\" data-id=\"bea3edd\" data-element_type=\"widget\" data-e-type=\"widget\" data-widget_type=\"image.default\">\n\t\t\t\t<div class=\"elementor-widget-container\">\n\t\t\t\t\t\t\t\t\t\t\t\t\t\t\t\t<a href=\"https:\/\/www.blanko.ch\/postkarten\/kaufen\/claudia-comte-cc3\/\">\n\t\t\t\t\t\t\t<img fetchpriority=\"high\" decoding=\"async\" width=\"800\" height=\"568\" src=\"https:\/\/www.blanko.ch\/postkarten\/wp-content\/uploads\/2024\/09\/blanko-claudia-comte-teaser-1024x727.webp\" class=\"attachment-large size-large wp-image-1320\" alt=\"\u00a9 CLAUDIA COMTE MEWE, 2020 16 spruce tree trunks, LEDs, wooden platform 800x3300x240cm Roskilde Festival, Roskilde (DK) Photo: Kim Bech\" srcset=\"https:\/\/www.blanko.ch\/postkarten\/wp-content\/uploads\/2024\/09\/blanko-claudia-comte-teaser-1024x727.webp 1024w, https:\/\/www.blanko.ch\/postkarten\/wp-content\/uploads\/2024\/09\/blanko-claudia-comte-teaser-300x213.webp 300w, https:\/\/www.blanko.ch\/postkarten\/wp-content\/uploads\/2024\/09\/blanko-claudia-comte-teaser-768x545.webp 768w, https:\/\/www.blanko.ch\/postkarten\/wp-content\/uploads\/2024\/09\/blanko-claudia-comte-teaser-600x426.webp 600w, https:\/\/www.blanko.ch\/postkarten\/wp-content\/uploads\/2024\/09\/blanko-claudia-comte-teaser.webp 1500w\" sizes=\"(max-width: 800px) 100vw, 800px\" \/>\t\t\t\t\t\t\t\t<\/a>\n\t\t\t\t\t\t\t\t\t\t\t\t\t\t\t<\/div>\n\t\t\t\t<\/div>\n\t\t\t\t\t<\/div>\n\t\t<\/div>\n\t\t\t\t<div class=\"elementor-column elementor-col-33 elementor-top-column elementor-element elementor-element-0c05392\" data-id=\"0c05392\" data-element_type=\"column\" data-e-type=\"column\">\n\t\t\t<div class=\"elementor-widget-wrap elementor-element-populated\">\n\t\t\t\t\t\t<div class=\"elementor-element elementor-element-18a1f84 elementor-widget elementor-widget-image\" data-id=\"18a1f84\" data-element_type=\"widget\" data-e-type=\"widget\" data-widget_type=\"image.default\">\n\t\t\t\t<div class=\"elementor-widget-container\">\n\t\t\t\t\t\t\t\t\t\t\t\t\t\t\t\t<a href=\"https:\/\/www.blanko.ch\/postkarten\/kaufen\/agnes-wyler-aw1\/\">\n\t\t\t\t\t\t\t<img decoding=\"async\" width=\"800\" height=\"568\" src=\"https:\/\/www.blanko.ch\/postkarten\/wp-content\/uploads\/2024\/09\/blanko-agnes-wyler-teaser-1024x727.webp\" class=\"attachment-large size-large wp-image-1319\" alt=\"\u00a9 AGN\u00c8S WYLER Aus der Serie: F\u00e9licette, a French cat first and only feline to ever travel to space, 2024 Keramik glasiert, 10x5x10cm Privatsammlung, Z\u00fcrich Foto: Mikl\u00f3s Klaus R\u00f3zsa\" srcset=\"https:\/\/www.blanko.ch\/postkarten\/wp-content\/uploads\/2024\/09\/blanko-agnes-wyler-teaser-1024x727.webp 1024w, https:\/\/www.blanko.ch\/postkarten\/wp-content\/uploads\/2024\/09\/blanko-agnes-wyler-teaser-300x213.webp 300w, https:\/\/www.blanko.ch\/postkarten\/wp-content\/uploads\/2024\/09\/blanko-agnes-wyler-teaser-768x545.webp 768w, https:\/\/www.blanko.ch\/postkarten\/wp-content\/uploads\/2024\/09\/blanko-agnes-wyler-teaser-600x426.webp 600w, https:\/\/www.blanko.ch\/postkarten\/wp-content\/uploads\/2024\/09\/blanko-agnes-wyler-teaser.webp 1500w\" sizes=\"(max-width: 800px) 100vw, 800px\" \/>\t\t\t\t\t\t\t\t<\/a>\n\t\t\t\t\t\t\t\t\t\t\t\t\t\t\t<\/div>\n\t\t\t\t<\/div>\n\t\t\t\t\t<\/div>\n\t\t<\/div>\n\t\t\t\t<div class=\"elementor-column elementor-col-33 elementor-top-column elementor-element elementor-element-b3b3891\" data-id=\"b3b3891\" data-element_type=\"column\" data-e-type=\"column\">\n\t\t\t<div class=\"elementor-widget-wrap elementor-element-populated\">\n\t\t\t\t\t\t<div class=\"elementor-element elementor-element-88206eb elementor-widget elementor-widget-image\" data-id=\"88206eb\" data-element_type=\"widget\" data-e-type=\"widget\" data-widget_type=\"image.default\">\n\t\t\t\t<div class=\"elementor-widget-container\">\n\t\t\t\t\t\t\t\t\t\t\t\t\t\t\t\t<a href=\"https:\/\/www.blanko.ch\/postkarten\/kaufen\/ugo-rondinone-ur3\/\">\n\t\t\t\t\t\t\t<img decoding=\"async\" width=\"800\" height=\"568\" src=\"https:\/\/www.blanko.ch\/postkarten\/wp-content\/uploads\/2024\/09\/blanko-ugo-rondinone-teaser-1024x727.webp\" class=\"attachment-large size-large wp-image-1321\" alt=\"\u00a9 UGO RONDINONE the sun, 2017 Installation view Ch\u00e2teau de Versailles, Versailles, 2018 gilded bronze, \u00f8 500cm courtesy the artist\" srcset=\"https:\/\/www.blanko.ch\/postkarten\/wp-content\/uploads\/2024\/09\/blanko-ugo-rondinone-teaser-1024x727.webp 1024w, https:\/\/www.blanko.ch\/postkarten\/wp-content\/uploads\/2024\/09\/blanko-ugo-rondinone-teaser-300x213.webp 300w, https:\/\/www.blanko.ch\/postkarten\/wp-content\/uploads\/2024\/09\/blanko-ugo-rondinone-teaser-768x545.webp 768w, https:\/\/www.blanko.ch\/postkarten\/wp-content\/uploads\/2024\/09\/blanko-ugo-rondinone-teaser-600x426.webp 600w, https:\/\/www.blanko.ch\/postkarten\/wp-content\/uploads\/2024\/09\/blanko-ugo-rondinone-teaser.webp 1500w\" sizes=\"(max-width: 800px) 100vw, 800px\" \/>\t\t\t\t\t\t\t\t<\/a>\n\t\t\t\t\t\t\t\t\t\t\t\t\t\t\t<\/div>\n\t\t\t\t<\/div>\n\t\t\t\t\t<\/div>\n\t\t<\/div>\n\t\t\t\t\t<\/div>\n\t\t<\/section>\n\t\t\t\t<section class=\"elementor-section elementor-top-section elementor-element elementor-element-8a82744 elementor-section-boxed elementor-section-height-default elementor-section-height-default\" data-id=\"8a82744\" data-element_type=\"section\" data-e-type=\"section\" data-settings=\"{&quot;background_background&quot;:&quot;classic&quot;}\">\n\t\t\t\t\t\t<div class=\"elementor-container elementor-column-gap-default\">\n\t\t\t\t\t<div class=\"elementor-column elementor-col-100 elementor-top-column elementor-element elementor-element-6373055\" data-id=\"6373055\" data-element_type=\"column\" data-e-type=\"column\">\n\t\t\t<div class=\"elementor-widget-wrap elementor-element-populated\">\n\t\t\t\t\t\t<div class=\"elementor-element elementor-element-e0f3bd9 elementor-icon-list--layout-inline elementor-align-center elementor-list-item-link-full_width elementor-widget elementor-widget-icon-list\" data-id=\"e0f3bd9\" data-element_type=\"widget\" data-e-type=\"widget\" data-widget_type=\"icon-list.default\">\n\t\t\t\t<div class=\"elementor-widget-container\">\n\t\t\t\t\t\t\t<ul class=\"elementor-icon-list-items elementor-inline-items\">\n\t\t\t\t\t\t\t<li class=\"elementor-icon-list-item elementor-inline-item\">\n\t\t\t\t\t\t\t\t\t\t\t<a href=\"https:\/\/www.blanko.ch\/postkarten\/postkartenserie-2024\/\">\n\n\t\t\t\t\t\t\t\t\t\t\t<span class=\"elementor-icon-list-text\">Neue Karten 2024<\/span>\n\t\t\t\t\t\t\t\t\t\t\t<\/a>\n\t\t\t\t\t\t\t\t\t<\/li>\n\t\t\t\t\t\t<\/ul>\n\t\t\t\t\t\t<\/div>\n\t\t\t\t<\/div>\n\t\t\t\t\t<\/div>\n\t\t<\/div>\n\t\t\t\t\t<\/div>\n\t\t<\/section>\n\t\t\t\t<section class=\"elementor-section elementor-top-section elementor-element elementor-element-168409a elementor-section-boxed elementor-section-height-default elementor-section-height-default\" data-id=\"168409a\" data-element_type=\"section\" data-e-type=\"section\">\n\t\t\t\t\t\t<div class=\"elementor-container elementor-column-gap-default\">\n\t\t\t\t\t<div class=\"elementor-column elementor-col-100 elementor-top-column elementor-element elementor-element-5f11d1b\" data-id=\"5f11d1b\" data-element_type=\"column\" data-e-type=\"column\">\n\t\t\t<div class=\"elementor-widget-wrap elementor-element-populated\">\n\t\t\t\t\t\t<div class=\"elementor-element elementor-element-311da7d elementor-widget elementor-widget-text-editor\" data-id=\"311da7d\" data-element_type=\"widget\" data-e-type=\"widget\" data-widget_type=\"text-editor.default\">\n\t\t\t\t<div class=\"elementor-widget-container\">\n\t\t\t\t\t\t\t\t\t<p class=\"MsoNormal\">blanko Postkartenverlag f\u00fcr Schweizer Kunst wurde 2003 gegr\u00fcndet. Zeitgen\u00f6ssische Kunst soll geteilt werden \u2013 tausendfach. Frisch gedruckte Sujets erg\u00e4nzen das Sortiment. Vielen Dank f\u00fcr die Mitwirkung an Claudia Comte, Vincent Kohler, Ugo Rondinone, Jessica Russ, Agn\u00e8s Wyler und Helena Wyss-Scheffler.<\/p><p class=\"MsoNormal\">Wir freuen uns, dass die <a href=\"https:\/\/www.andrerothag.ch\/de\/\" target=\"_blank\" rel=\"noopener\">Andr\u00e9 Roth AG<\/a> die Idee nach dem Relaunch 2022 weiterhin grossz\u00fcgig unterst\u00fctzt.<\/p>\t\t\t\t\t\t\t\t<\/div>\n\t\t\t\t<\/div>\n\t\t\t\t\t<\/div>\n\t\t<\/div>\n\t\t\t\t\t<\/div>\n\t\t<\/section>\n\t\t\t\t<section class=\"elementor-section elementor-top-section elementor-element elementor-element-e9432f6 elementor-section-boxed elementor-section-height-default elementor-section-height-default\" data-id=\"e9432f6\" data-element_type=\"section\" data-e-type=\"section\">\n\t\t\t\t\t\t<div class=\"elementor-container elementor-column-gap-default\">\n\t\t\t\t\t<div class=\"elementor-column elementor-col-100 elementor-top-column elementor-element elementor-element-ce8e7eb\" data-id=\"ce8e7eb\" data-element_type=\"column\" data-e-type=\"column\">\n\t\t\t<div class=\"elementor-widget-wrap elementor-element-populated\">\n\t\t\t\t\t\t<div class=\"elementor-element elementor-element-b200992 elementor-product-loop-item--align-center elementor-grid-4 elementor-grid-tablet-3 elementor-grid-mobile-2 elementor-products-grid elementor-wc-products elementor-widget elementor-widget-woocommerce-products\" data-id=\"b200992\" data-element_type=\"widget\" data-e-type=\"widget\" data-widget_type=\"woocommerce-products.default\">\n\t\t\t\t<div class=\"elementor-widget-container\">\n\t\t\t\t\t<div class=\"woocommerce columns-4 \"><ul class=\"products elementor-grid columns-4\">\n<li class=\"product type-product post-1293 status-publish first instock product_cat-agnes-wyler product_cat-hochformat product_cat-serie-2024 has-post-thumbnail shipping-taxable purchasable product-type-simple\">\n\t<a href=\"https:\/\/www.blanko.ch\/postkarten\/kaufen\/agnes-wyler-aw3\/\" class=\"woocommerce-LoopProduct-link woocommerce-loop-product__link\"><img loading=\"lazy\" decoding=\"async\" width=\"300\" height=\"300\" src=\"https:\/\/www.blanko.ch\/postkarten\/wp-content\/uploads\/2024\/09\/Blanko_Postkarten_2024_AW3-300x300.webp\" class=\"attachment-woocommerce_thumbnail size-woocommerce_thumbnail\" alt=\"\u00a9 AGN\u00c8S WYLER Merci! Und du?, 2020 Keramik glasiert, 19x14x13cm Kunstsammlung Stadt Z\u00fcrich Foto: Gion Pfander\" srcset=\"https:\/\/www.blanko.ch\/postkarten\/wp-content\/uploads\/2024\/09\/Blanko_Postkarten_2024_AW3-300x300.webp 300w, https:\/\/www.blanko.ch\/postkarten\/wp-content\/uploads\/2024\/09\/Blanko_Postkarten_2024_AW3-1024x1024.webp 1024w, https:\/\/www.blanko.ch\/postkarten\/wp-content\/uploads\/2024\/09\/Blanko_Postkarten_2024_AW3-150x150.webp 150w, https:\/\/www.blanko.ch\/postkarten\/wp-content\/uploads\/2024\/09\/Blanko_Postkarten_2024_AW3-768x768.webp 768w, https:\/\/www.blanko.ch\/postkarten\/wp-content\/uploads\/2024\/09\/Blanko_Postkarten_2024_AW3-1536x1536.webp 1536w, https:\/\/www.blanko.ch\/postkarten\/wp-content\/uploads\/2024\/09\/Blanko_Postkarten_2024_AW3-600x600.webp 600w, https:\/\/www.blanko.ch\/postkarten\/wp-content\/uploads\/2024\/09\/Blanko_Postkarten_2024_AW3-100x100.webp 100w, https:\/\/www.blanko.ch\/postkarten\/wp-content\/uploads\/2024\/09\/Blanko_Postkarten_2024_AW3.webp 1600w\" sizes=\"(max-width: 300px) 100vw, 300px\" \/><h2 class=\"woocommerce-loop-product__title\">Agn\u00e8s Wyler \/ AW3<\/h2>\n\t<span class=\"price\"><span class=\"woocommerce-Price-amount amount\"><bdi><span class=\"woocommerce-Price-currencySymbol\">&#67;&#72;&#70;<\/span>&nbsp;2.00<\/bdi><\/span><\/span>\n<\/a><a href=\"\/postkarten\/wp-json\/wp\/v2\/pages\/74?add-to-cart=1293\" aria-describedby=\"woocommerce_loop_add_to_cart_link_describedby_1293\" data-quantity=\"1\" class=\"button product_type_simple add_to_cart_button ajax_add_to_cart\" data-product_id=\"1293\" data-product_sku=\"AW3\" aria-label=\"In den Warenkorb legen: \u00abAgn\u00e8s Wyler \/ AW3\u00bb\" rel=\"nofollow\" data-success_message=\"\u00abAgn\u00e8s Wyler \/ AW3\u00bb wurde Ihrem Warenkorb hinzugef\u00fcgt\" role=\"button\">In den Warenkorb<\/a>\t<span id=\"woocommerce_loop_add_to_cart_link_describedby_1293\" class=\"screen-reader-text\">\n\t\t\t<\/span>\n<\/li>\n<li class=\"product type-product post-205 status-publish instock product_cat-hochformat product_cat-markus-uhr product_cat-serie-2010 has-post-thumbnail shipping-taxable purchasable product-type-simple\">\n\t<a href=\"https:\/\/www.blanko.ch\/postkarten\/kaufen\/mu2\/\" class=\"woocommerce-LoopProduct-link woocommerce-loop-product__link\"><img loading=\"lazy\" decoding=\"async\" width=\"300\" height=\"300\" src=\"https:\/\/www.blanko.ch\/postkarten\/wp-content\/uploads\/2021\/12\/MU2-qdr-300x300.jpg\" class=\"attachment-woocommerce_thumbnail size-woocommerce_thumbnail\" alt=\"\u00a9 MARKUS UHR Verstrickt, 2007 Kugelschreiber\u2009\/\u2009Collage auf Papier, 29,7\u2009x\u200921\u2009cm Sammlung: Galerie Billing Bild, Baar\" srcset=\"https:\/\/www.blanko.ch\/postkarten\/wp-content\/uploads\/2021\/12\/MU2-qdr-300x300.jpg 300w, https:\/\/www.blanko.ch\/postkarten\/wp-content\/uploads\/2021\/12\/MU2-qdr-1024x1024.jpg 1024w, https:\/\/www.blanko.ch\/postkarten\/wp-content\/uploads\/2021\/12\/MU2-qdr-150x150.jpg 150w, https:\/\/www.blanko.ch\/postkarten\/wp-content\/uploads\/2021\/12\/MU2-qdr-768x768.jpg 768w, https:\/\/www.blanko.ch\/postkarten\/wp-content\/uploads\/2021\/12\/MU2-qdr-1536x1536.jpg 1536w, https:\/\/www.blanko.ch\/postkarten\/wp-content\/uploads\/2021\/12\/MU2-qdr-600x600.jpg 600w, https:\/\/www.blanko.ch\/postkarten\/wp-content\/uploads\/2021\/12\/MU2-qdr-100x100.jpg 100w, https:\/\/www.blanko.ch\/postkarten\/wp-content\/uploads\/2021\/12\/MU2-qdr.jpg 1600w\" sizes=\"(max-width: 300px) 100vw, 300px\" \/><h2 class=\"woocommerce-loop-product__title\">Markus Uhr \/ MU2<\/h2>\n\t<span class=\"price\"><span class=\"woocommerce-Price-amount amount\"><bdi><span class=\"woocommerce-Price-currencySymbol\">&#67;&#72;&#70;<\/span>&nbsp;2.00<\/bdi><\/span><\/span>\n<\/a><a href=\"\/postkarten\/wp-json\/wp\/v2\/pages\/74?add-to-cart=205\" aria-describedby=\"woocommerce_loop_add_to_cart_link_describedby_205\" data-quantity=\"1\" class=\"button product_type_simple add_to_cart_button ajax_add_to_cart\" data-product_id=\"205\" data-product_sku=\"MU2\" aria-label=\"In den Warenkorb legen: \u00abMarkus Uhr \/ MU2\u00bb\" rel=\"nofollow\" data-success_message=\"\u00abMarkus Uhr \/ MU2\u00bb wurde Ihrem Warenkorb hinzugef\u00fcgt\" role=\"button\">In den Warenkorb<\/a>\t<span id=\"woocommerce_loop_add_to_cart_link_describedby_205\" class=\"screen-reader-text\">\n\t\t\t<\/span>\n<\/li>\n<li class=\"product type-product post-1301 status-publish instock product_cat-claudia-comte product_cat-querformat product_cat-serie-2024 has-post-thumbnail shipping-taxable purchasable product-type-simple\">\n\t<a href=\"https:\/\/www.blanko.ch\/postkarten\/kaufen\/claudia-comte-cc2\/\" class=\"woocommerce-LoopProduct-link woocommerce-loop-product__link\"><img loading=\"lazy\" decoding=\"async\" width=\"300\" height=\"300\" src=\"https:\/\/www.blanko.ch\/postkarten\/wp-content\/uploads\/2024\/09\/Blanko_Postkarten_2024_CC2-300x300.webp\" class=\"attachment-woocommerce_thumbnail size-woocommerce_thumbnail\" alt=\"\u00a9 CLAUDIA COMTE Dark Suns Bright Waves, 2022 Freestanding walls, double-sided vinyl and acrylic wall painting 10 parts, 300x3300x5650cm Desert X AlUla (SA) Photo: Lance Gerber\" srcset=\"https:\/\/www.blanko.ch\/postkarten\/wp-content\/uploads\/2024\/09\/Blanko_Postkarten_2024_CC2-300x300.webp 300w, https:\/\/www.blanko.ch\/postkarten\/wp-content\/uploads\/2024\/09\/Blanko_Postkarten_2024_CC2-1024x1024.webp 1024w, https:\/\/www.blanko.ch\/postkarten\/wp-content\/uploads\/2024\/09\/Blanko_Postkarten_2024_CC2-150x150.webp 150w, https:\/\/www.blanko.ch\/postkarten\/wp-content\/uploads\/2024\/09\/Blanko_Postkarten_2024_CC2-768x768.webp 768w, https:\/\/www.blanko.ch\/postkarten\/wp-content\/uploads\/2024\/09\/Blanko_Postkarten_2024_CC2-1536x1536.webp 1536w, https:\/\/www.blanko.ch\/postkarten\/wp-content\/uploads\/2024\/09\/Blanko_Postkarten_2024_CC2-600x600.webp 600w, https:\/\/www.blanko.ch\/postkarten\/wp-content\/uploads\/2024\/09\/Blanko_Postkarten_2024_CC2-100x100.webp 100w, https:\/\/www.blanko.ch\/postkarten\/wp-content\/uploads\/2024\/09\/Blanko_Postkarten_2024_CC2.webp 1600w\" sizes=\"(max-width: 300px) 100vw, 300px\" \/><h2 class=\"woocommerce-loop-product__title\">Claudia Comte \/ CC2<\/h2>\n\t<span class=\"price\"><span class=\"woocommerce-Price-amount amount\"><bdi><span class=\"woocommerce-Price-currencySymbol\">&#67;&#72;&#70;<\/span>&nbsp;2.00<\/bdi><\/span><\/span>\n<\/a><a href=\"\/postkarten\/wp-json\/wp\/v2\/pages\/74?add-to-cart=1301\" aria-describedby=\"woocommerce_loop_add_to_cart_link_describedby_1301\" data-quantity=\"1\" class=\"button product_type_simple add_to_cart_button ajax_add_to_cart\" data-product_id=\"1301\" data-product_sku=\"CC2\" aria-label=\"In den Warenkorb legen: \u00abClaudia Comte \/ CC2\u00bb\" rel=\"nofollow\" data-success_message=\"\u00abClaudia Comte \/ CC2\u00bb wurde Ihrem Warenkorb hinzugef\u00fcgt\" role=\"button\">In den Warenkorb<\/a>\t<span id=\"woocommerce_loop_add_to_cart_link_describedby_1301\" class=\"screen-reader-text\">\n\t\t\t<\/span>\n<\/li>\n<li class=\"product type-product post-813 status-publish last instock product_cat-markus-reto-huber product_cat-serie-2022 has-post-thumbnail shipping-taxable purchasable product-type-simple\">\n\t<a href=\"https:\/\/www.blanko.ch\/postkarten\/kaufen\/markus-reto-huber-mrh6\/\" class=\"woocommerce-LoopProduct-link woocommerce-loop-product__link\"><img loading=\"lazy\" decoding=\"async\" width=\"300\" height=\"300\" src=\"https:\/\/www.blanko.ch\/postkarten\/wp-content\/uploads\/2022\/03\/Blanko_Postkarten_2022_MRH6-qdr-300x300.jpg\" class=\"attachment-woocommerce_thumbnail size-woocommerce_thumbnail\" alt=\"huber.huber Sechstagewerk (und es war finder auf der Tiefe), 2014 Collage\" srcset=\"https:\/\/www.blanko.ch\/postkarten\/wp-content\/uploads\/2022\/03\/Blanko_Postkarten_2022_MRH6-qdr-300x300.jpg 300w, https:\/\/www.blanko.ch\/postkarten\/wp-content\/uploads\/2022\/03\/Blanko_Postkarten_2022_MRH6-qdr-1024x1024.jpg 1024w, https:\/\/www.blanko.ch\/postkarten\/wp-content\/uploads\/2022\/03\/Blanko_Postkarten_2022_MRH6-qdr-150x150.jpg 150w, https:\/\/www.blanko.ch\/postkarten\/wp-content\/uploads\/2022\/03\/Blanko_Postkarten_2022_MRH6-qdr-768x768.jpg 768w, https:\/\/www.blanko.ch\/postkarten\/wp-content\/uploads\/2022\/03\/Blanko_Postkarten_2022_MRH6-qdr-1536x1536.jpg 1536w, https:\/\/www.blanko.ch\/postkarten\/wp-content\/uploads\/2022\/03\/Blanko_Postkarten_2022_MRH6-qdr-600x600.jpg 600w, https:\/\/www.blanko.ch\/postkarten\/wp-content\/uploads\/2022\/03\/Blanko_Postkarten_2022_MRH6-qdr-100x100.jpg 100w, https:\/\/www.blanko.ch\/postkarten\/wp-content\/uploads\/2022\/03\/Blanko_Postkarten_2022_MRH6-qdr.jpg 1600w\" sizes=\"(max-width: 300px) 100vw, 300px\" \/><h2 class=\"woocommerce-loop-product__title\">huber.huber \/ MRH6<\/h2>\n\t<span class=\"price\"><span class=\"woocommerce-Price-amount amount\"><bdi><span class=\"woocommerce-Price-currencySymbol\">&#67;&#72;&#70;<\/span>&nbsp;2.00<\/bdi><\/span><\/span>\n<\/a><a href=\"\/postkarten\/wp-json\/wp\/v2\/pages\/74?add-to-cart=813\" aria-describedby=\"woocommerce_loop_add_to_cart_link_describedby_813\" data-quantity=\"1\" class=\"button product_type_simple add_to_cart_button ajax_add_to_cart\" data-product_id=\"813\" data-product_sku=\"MRH6\" aria-label=\"In den Warenkorb legen: \u00abhuber.huber \/ MRH6\u00bb\" rel=\"nofollow\" data-success_message=\"\u00abhuber.huber \/ MRH6\u00bb wurde Ihrem Warenkorb hinzugef\u00fcgt\" role=\"button\">In den Warenkorb<\/a>\t<span id=\"woocommerce_loop_add_to_cart_link_describedby_813\" class=\"screen-reader-text\">\n\t\t\t<\/span>\n<\/li>\n<\/ul>\n<\/div>\t\t\t\t<\/div>\n\t\t\t\t<\/div>\n\t\t\t\t\t<\/div>\n\t\t<\/div>\n\t\t\t\t\t<\/div>\n\t\t<\/section>\n\t\t\t\t<section class=\"elementor-section elementor-top-section elementor-element elementor-element-7c7b5e9 elementor-section-boxed elementor-section-height-default elementor-section-height-default\" data-id=\"7c7b5e9\" data-element_type=\"section\" data-e-type=\"section\">\n\t\t\t\t\t\t<div class=\"elementor-container elementor-column-gap-default\">\n\t\t\t\t\t<div class=\"elementor-column elementor-col-100 elementor-top-column elementor-element elementor-element-0309a8b\" data-id=\"0309a8b\" data-element_type=\"column\" data-e-type=\"column\">\n\t\t\t<div class=\"elementor-widget-wrap elementor-element-populated\">\n\t\t\t\t\t\t<div class=\"elementor-element elementor-element-442edb1 elementor-icon-list--layout-inline elementor-align-center elementor-list-item-link-full_width elementor-widget elementor-widget-icon-list\" data-id=\"442edb1\" data-element_type=\"widget\" data-e-type=\"widget\" data-widget_type=\"icon-list.default\">\n\t\t\t\t<div class=\"elementor-widget-container\">\n\t\t\t\t\t\t\t<ul class=\"elementor-icon-list-items elementor-inline-items\">\n\t\t\t\t\t\t\t<li class=\"elementor-icon-list-item elementor-inline-item\">\n\t\t\t\t\t\t\t\t\t\t\t<a href=\"https:\/\/www.blanko.ch\/postkarten\/uebersicht\/\">\n\n\t\t\t\t\t\t\t\t\t\t\t<span class=\"elementor-icon-list-text\">alle Postkarten<\/span>\n\t\t\t\t\t\t\t\t\t\t\t<\/a>\n\t\t\t\t\t\t\t\t\t<\/li>\n\t\t\t\t\t\t<\/ul>\n\t\t\t\t\t\t<\/div>\n\t\t\t\t<\/div>\n\t\t\t\t\t<\/div>\n\t\t<\/div>\n\t\t\t\t\t<\/div>\n\t\t<\/section>\n\t\t\t\t<\/div>\n\t\t","protected":false},"excerpt":{"rendered":"<p>Neue Karten 2024 blanko Postkartenverlag f\u00fcr Schweizer Kunst wurde 2003 gegr\u00fcndet. Zeitgen\u00f6ssische Kunst soll geteilt werden \u2013 tausendfach. Frisch gedruckte Sujets erg\u00e4nzen das Sortiment. Vielen Dank f\u00fcr die Mitwirkung an Claudia Comte, Vincent Kohler, Ugo Rondinone, Jessica Russ, Agn\u00e8s Wyler und Helena Wyss-Scheffler. Wir freuen uns, dass die Andr\u00e9 Roth AG die Idee nach dem [&hellip;]<\/p>\n","protected":false},"author":1,"featured_media":0,"parent":0,"menu_order":0,"comment_status":"closed","ping_status":"closed","template":"","meta":{"footnotes":""},"class_list":["post-74","page","type-page","status-publish","hentry"],"_links":{"self":[{"href":"https:\/\/www.blanko.ch\/postkarten\/wp-json\/wp\/v2\/pages\/74","targetHints":{"allow":["GET"]}}],"collection":[{"href":"https:\/\/www.blanko.ch\/postkarten\/wp-json\/wp\/v2\/pages"}],"about":[{"href":"https:\/\/www.blanko.ch\/postkarten\/wp-json\/wp\/v2\/types\/page"}],"author":[{"embeddable":true,"href":"https:\/\/www.blanko.ch\/postkarten\/wp-json\/wp\/v2\/users\/1"}],"replies":[{"embeddable":true,"href":"https:\/\/www.blanko.ch\/postkarten\/wp-json\/wp\/v2\/comments?post=74"}],"version-history":[{"count":193,"href":"https:\/\/www.blanko.ch\/postkarten\/wp-json\/wp\/v2\/pages\/74\/revisions"}],"predecessor-version":[{"id":1342,"href":"https:\/\/www.blanko.ch\/postkarten\/wp-json\/wp\/v2\/pages\/74\/revisions\/1342"}],"wp:attachment":[{"href":"https:\/\/www.blanko.ch\/postkarten\/wp-json\/wp\/v2\/media?parent=74"}],"curies":[{"name":"wp","href":"https:\/\/api.w.org\/{rel}","templated":true}]}}